{"id":13,"date":"2018-12-07T16:05:31","date_gmt":"2018-12-07T16:05:31","guid":{"rendered":"https:\/\/podobno.pl\/barber\/?page_id=13"},"modified":"2022-02-27T17:27:47","modified_gmt":"2022-02-27T17:27:47","slug":"about-us","status":"publish","type":"page","link":"https:\/\/podobno.pl\/barber\/about-us\/","title":{"rendered":"O nas"},"content":{"rendered":"<p><div class=\"fusion-fullwidth fullwidth-box fusion-builder-row-1 fusion-flex-container fusion-parallax-none nonhundred-percent-fullwidth non-hundred-percent-height-scrolling lazyload\" style=\"background-color: rgba(255,255,255,0);background-position: center top;background-repeat: no-repeat;border-width: 0px 0px 0px 0px;border-color:#eae9e9;border-style:solid;-webkit-background-size:cover;-moz-background-size:cover;-o-background-size:cover;background-size:cover;\" data-bg=\"https:\/\/podobno.pl\/barber\/wp-content\/uploads\/2018\/12\/avadabarbers-about-introbackground.jpg\" ><div class=\"fusion-builder-row fusion-row fusion-flex-align-items-stretch\" style=\"max-width:1185.6px;margin-left: calc(-4% \/ 2 );margin-right: calc(-4% \/ 2 );\"><div class=\"fusion-layout-column fusion_builder_column fusion-builder-column-0 fusion_builder_column_1_6 1_6 fusion-flex-column\"><div class=\"fusion-column-wrapper fusion-flex-justify-content-flex-start fusion-content-layout-column\" style=\"background-position:left top;background-repeat:no-repeat;-webkit-background-size:cover;-moz-background-size:cover;-o-background-size:cover;background-size:cover;padding: 0px 0px 0px 0px;\"><\/div><\/div><style type=\"text\/css\">.fusion-body .fusion-builder-column-0{width:16.666666666667% !important;margin-top : 0px;margin-bottom : 20px;}.fusion-builder-column-0 > .fusion-column-wrapper {padding-top : 0px !important;padding-right : 0px !important;margin-right : 11.52%;padding-bottom : 0px !important;padding-left : 0px !important;margin-left : 11.52%;}@media only screen and (max-width:1024px) {.fusion-body .fusion-builder-column-0{width:100% !important;}.fusion-builder-column-0 > .fusion-column-wrapper {margin-right : 1.92%;margin-left : 1.92%;}}@media only screen and (max-width:640px) {.fusion-body .fusion-builder-column-0{width:100% !important;}.fusion-builder-column-0 > .fusion-column-wrapper {margin-right : 1.92%;margin-left : 1.92%;}}<\/style><div class=\"fusion-layout-column fusion_builder_column fusion-builder-column-1 fusion_builder_column_2_3 2_3 fusion-flex-column fusion-animated\" data-animationType=\"fadeInLeft\" data-animationDuration=\"0.5\" data-animationOffset=\"100%\"><div class=\"fusion-column-wrapper fusion-flex-justify-content-center fusion-content-layout-column\" style=\"background-position:center top;background-repeat:no-repeat;-webkit-background-size:cover;-moz-background-size:cover;-o-background-size:cover;background-size:cover;padding: 20px 0px 0px 0px;\"><style type=\"text\/css\">@media only screen and (max-width:1024px) {.fusion-title.fusion-title-1{margin-top:30px!important;margin-bottom:0px!important;}}<\/style><div class=\"fusion-title title fusion-title-1 fusion-sep-none fusion-title-center fusion-title-text fusion-title-size-two\" style=\"margin-top:30px;margin-bottom:0px;\"><h2 class=\"title-heading-center\" style=\"margin:0;\">Rudobrody<\/h2><\/div><style type=\"text\/css\">@media only screen and (max-width:1024px) {.fusion-title.fusion-title-2{margin-top:0px!important;margin-bottom:0px!important;}}<\/style><div class=\"fusion-title title fusion-title-2 fusion-sep-none fusion-title-center fusion-title-text fusion-title-size-three\" style=\"font-size:70px;margin-top:0px;margin-bottom:0px;\"><h3 class=\"title-heading-center\" style=\"margin:0;font-size:1em;\">O nas<\/h3><\/div><div class=\"fusion-text fusion-text-1\" style=\"transform:translate3d(0,0,0);\"><p style=\"text-align: center;\">Rudobrody piel\u0119gnuje brody i strzy\u017ce swoich klient\u00f3w od 2018 roku w niezmiennej mi\u0142ej atmosferze. Zapraszamy wszystkich pan\u00f3w do odwiedzin naszego salonu we Wroc\u0142awiu przy ul. \u0141ubinowej 1\/1. Zapewniamy profesjonaln\u0105 obs\u0142ug\u0119 i ci\u0119cie na najwy\u017cszym poziomie. Od nas wyjdziesz zadowolony i wr\u00f3cisz z u\u015bmiechem na twarzy.<\/p>\n<\/div><div class=\"fusion-text fusion-text-2\" style=\"transform:translate3d(0,0,0);\"><p style=\"text-align: left;\">Nasze us\u0142ugi to :<\/p>\n<p style=\"text-align: left;\">&#8211; strzy\u017cenie klasyczne<\/p>\n<p style=\"text-align: left;\">&#8211; stylizacja brody<\/p>\n<p style=\"text-align: left;\">&#8211; strzy\u017cenie brody<\/p>\n<p style=\"text-align: left;\">&#8211; depilacja woskiem ( okolic brwi, uszu, nosa )<\/p>\n<p style=\"text-align: center;\">Zapraszamy<\/p>\n<\/div><div class=\"fusion-separator fusion-full-width-sep\" style=\"align-self: center;margin-left: auto;margin-right: auto;margin-bottom:30px;width:100%;\"><\/div><div style=\"text-align:center;\"><style type=\"text\/css\">.fusion-button.button-1 {border-radius:0px;}<\/style><a class=\"fusion-button button-flat button-xlarge button-default button-1 fusion-button-default-span fusion-button-default-type\" target=\"_self\" href=\"https:\/\/booksy.com\/pl-pl\/9944_rudobrody-barbershop_barber-shop_13750_wroclaw#_ba_s=sh_1\"><span class=\"fusion-button-text\">Um\u00f3w wizyt\u0119<\/span><\/a><\/div><\/div><\/div><style type=\"text\/css\">.fusion-body .fusion-builder-column-1{width:66.666666666667% !important;margin-top : 0px;margin-bottom : 20px;}.fusion-builder-column-1 > .fusion-column-wrapper {padding-top : 20px !important;padding-right : 0px !important;margin-right : 2.88%;padding-bottom : 0px !important;padding-left : 0px !important;margin-left : 2.88%;}@media only screen and (max-width:1024px) {.fusion-body .fusion-builder-column-1{width:100% !important;}.fusion-builder-column-1 > .fusion-column-wrapper {margin-right : 1.92%;margin-left : 1.92%;}}@media only screen and (max-width:640px) {.fusion-body .fusion-builder-column-1{width:100% !important;}.fusion-builder-column-1 > .fusion-column-wrapper {margin-right : 1.92%;margin-left : 1.92%;}}<\/style><div class=\"fusion-layout-column fusion_builder_column fusion-builder-column-2 fusion_builder_column_1_6 1_6 fusion-flex-column\"><div class=\"fusion-column-wrapper fusion-flex-justify-content-flex-start fusion-content-layout-column\" style=\"background-position:left top;background-repeat:no-repeat;-webkit-background-size:cover;-moz-background-size:cover;-o-background-size:cover;background-size:cover;padding: 0px 0px 0px 0px;\"><\/div><\/div><style type=\"text\/css\">.fusion-body .fusion-builder-column-2{width:16.666666666667% !important;margin-top : 0px;margin-bottom : 20px;}.fusion-builder-column-2 > .fusion-column-wrapper {padding-top : 0px !important;padding-right : 0px !important;margin-right : 11.52%;padding-bottom : 0px !important;padding-left : 0px !important;margin-left : 11.52%;}@media only screen and (max-width:1024px) {.fusion-body .fusion-builder-column-2{width:100% !important;}.fusion-builder-column-2 > .fusion-column-wrapper {margin-right : 1.92%;margin-left : 1.92%;}}@media only screen and (max-width:640px) {.fusion-body .fusion-builder-column-2{width:100% !important;}.fusion-builder-column-2 > .fusion-column-wrapper {margin-right : 1.92%;margin-left : 1.92%;}}<\/style><\/div><style type=\"text\/css\">.fusion-body .fusion-flex-container.fusion-builder-row-1{ padding-top : 3%;margin-top : 0px;padding-right : 0px;padding-bottom : 3%;margin-bottom : 0;padding-left : 0px;}<\/style><\/div><div class=\"fusion-fullwidth fullwidth-box fusion-builder-row-2 fusion-flex-container hundred-percent-fullwidth non-hundred-percent-height-scrolling\" style=\"background-color: rgba(255,255,255,0);background-position: center center;background-repeat: no-repeat;border-width: 0px 0px 0px 0px;border-color:#eae9e9;border-style:solid;\" ><div class=\"fusion-builder-row fusion-row fusion-flex-align-items-stretch fusion-flex-align-content-center fusion-flex-justify-content-center\" style=\"width:calc( 100% + 0px ) !important;max-width:calc( 100% + 0px ) !important;margin-left: calc(-0px \/ 2 );margin-right: calc(-0px \/ 2 );\"><div class=\"fusion-layout-column fusion_builder_column fusion-builder-column-3 fusion_builder_column_1_1 1_1 fusion-flex-column\"><div class=\"fusion-column-wrapper fusion-flex-justify-content-flex-start fusion-content-layout-column\" style=\"background-position:left top;background-repeat:no-repeat;-webkit-background-size:cover;-moz-background-size:cover;-o-background-size:cover;background-size:cover;padding: 0px 0px 0px 0px;\"><div ><span class=\" fusion-imageframe imageframe-none imageframe-1 hover-type-none\" style=\"width:100%;max-width:100;margin-top:0px;margin-right:0px;margin-bottom:0px;margin-left:0px;\"><img decoding=\"async\" width=\"1920\" height=\"1280\" title=\"AdobeStock_231110781\" src=\"https:\/\/podobno.pl\/barber\/wp-content\/uploads\/2022\/01\/AdobeStock_231110781.png\" data-orig-src=\"https:\/\/podobno.pl\/barber\/wp-content\/uploads\/2022\/01\/AdobeStock_231110781.png\" class=\"lazyload img-responsive wp-image-1323\" srcset=\"data:image\/svg+xml,%3Csvg%20xmlns%3D%27http%3A%2F%2Fwww.w3.org%2F2000%2Fsvg%27%20width%3D%271920%27%20height%3D%271280%27%20viewBox%3D%270%200%201920%201280%27%3E%3Crect%20width%3D%271920%27%20height%3D%2731280%27%20fill-opacity%3D%220%22%2F%3E%3C%2Fsvg%3E\" data-srcset=\"https:\/\/podobno.pl\/barber\/wp-content\/uploads\/2022\/01\/AdobeStock_231110781-200x133.png 200w, https:\/\/podobno.pl\/barber\/wp-content\/uploads\/2022\/01\/AdobeStock_231110781-400x267.png 400w, https:\/\/podobno.pl\/barber\/wp-content\/uploads\/2022\/01\/AdobeStock_231110781-600x400.png 600w, https:\/\/podobno.pl\/barber\/wp-content\/uploads\/2022\/01\/AdobeStock_231110781-800x533.png 800w, https:\/\/podobno.pl\/barber\/wp-content\/uploads\/2022\/01\/AdobeStock_231110781-1200x800.png 1200w, https:\/\/podobno.pl\/barber\/wp-content\/uploads\/2022\/01\/AdobeStock_231110781.png 1920w\" data-sizes=\"auto\" data-orig-sizes=\"(max-width: 1024px) 100vw, (max-width: 640px) 100vw, 1200px\" \/><\/span><\/div><\/div><\/div><style type=\"text\/css\">.fusion-body .fusion-builder-column-3{width:100% !important;margin-top : 0px;margin-bottom : 20px;}.fusion-builder-column-3 > .fusion-column-wrapper {padding-top : 0px !important;padding-right : 0px !important;margin-right : 0;padding-bottom : 0px !important;padding-left : 0px !important;margin-left : 0;}@media only screen and (max-width:1024px) {.fusion-body .fusion-builder-column-3{width:100% !important;order : 0;}.fusion-builder-column-3 > .fusion-column-wrapper {margin-right : 0;margin-left : 0;}}@media only screen and (max-width:640px) {.fusion-body .fusion-builder-column-3{width:100% !important;order : 0;}.fusion-builder-column-3 > .fusion-column-wrapper {margin-right : 0;margin-left : 0;}}<\/style><\/div><style type=\"text\/css\">.fusion-body .fusion-flex-container.fusion-builder-row-2{ padding-top : 0px;margin-top : 0;padding-right : 0px;padding-bottom : 0px;margin-bottom : 0;padding-left : 0px;}<\/style><\/div><\/p>\n","protected":false},"excerpt":{"rendered":"","protected":false},"author":1,"featured_media":0,"parent":0,"menu_order":0,"comment_status":"closed","ping_status":"closed","template":"100-width.php","meta":{"footnotes":""},"class_list":["post-13","page","type-page","status-publish","hentry"],"_links":{"self":[{"href":"https:\/\/podobno.pl\/barber\/wp-json\/wp\/v2\/pages\/13","targetHints":{"allow":["GET"]}}],"collection":[{"href":"https:\/\/podobno.pl\/barber\/wp-json\/wp\/v2\/pages"}],"about":[{"href":"https:\/\/podobno.pl\/barber\/wp-json\/wp\/v2\/types\/page"}],"author":[{"embeddable":true,"href":"https:\/\/podobno.pl\/barber\/wp-json\/wp\/v2\/users\/1"}],"replies":[{"embeddable":true,"href":"https:\/\/podobno.pl\/barber\/wp-json\/wp\/v2\/comments?post=13"}],"version-history":[{"count":6,"href":"https:\/\/podobno.pl\/barber\/wp-json\/wp\/v2\/pages\/13\/revisions"}],"predecessor-version":[{"id":1339,"href":"https:\/\/podobno.pl\/barber\/wp-json\/wp\/v2\/pages\/13\/revisions\/1339"}],"wp:attachment":[{"href":"https:\/\/podobno.pl\/barber\/wp-json\/wp\/v2\/media?parent=13"}],"curies":[{"name":"wp","href":"https:\/\/api.w.org\/{rel}","templated":true}]}}